{"id":969,"date":"2023-11-29T08:18:32","date_gmt":"2023-11-29T07:18:32","guid":{"rendered":"https:\/\/cjl-saintchamas.com\/?page_id=969"},"modified":"2025-08-03T18:36:56","modified_gmt":"2025-08-03T16:36:56","slug":"nos-partenaires","status":"publish","type":"page","link":"https:\/\/cjl-saintchamas.com\/?page_id=969","title":{"rendered":"Nos Partenaires"},"content":{"rendered":"<div class=\"wp-block-image\">\n<figure class=\"aligncenter size-full\"><a href=\"https:\/\/www.saint-chamas.com\/\"><img loading=\"lazy\" decoding=\"async\" width=\"337\" height=\"137\" src=\"https:\/\/cjl-saintchamas.com\/wp-content\/uploads\/2025\/08\/ville-st-chamas.png\" alt=\"\" class=\"wp-image-1652\" srcset=\"https:\/\/cjl-saintchamas.com\/wp-content\/uploads\/2025\/08\/ville-st-chamas.png 337w, https:\/\/cjl-saintchamas.com\/wp-content\/uploads\/2025\/08\/ville-st-chamas-300x122.png 300w, https:\/\/cjl-saintchamas.com\/wp-content\/uploads\/2025\/08\/ville-st-chamas-24x10.png 24w, https:\/\/cjl-saintchamas.com\/wp-content\/uploads\/2025\/08\/ville-st-chamas-36x15.png 36w, https:\/\/cjl-saintchamas.com\/wp-content\/uploads\/2025\/08\/ville-st-chamas-48x20.png 48w, https:\/\/cjl-saintchamas.com\/wp-content\/uploads\/2025\/08\/ville-st-chamas-228x93.png 228w\" sizes=\"auto, (max-width: 337px) 100vw, 337px\" \/><\/a><\/figure>\n<\/div>\n\n\n<div class=\"wp-block-columns is-layout-flex wp-container-core-columns-is-layout-9d6595d7 wp-block-columns-is-layout-flex\">\n<div class=\"wp-block-column is-layout-flow wp-block-column-is-layout-flow\"><div class=\"wp-block-image\">\n<figure class=\"aligncenter size-full is-resized\"><a href=\"https:\/\/www.departement13.fr\/\"><img loading=\"lazy\" decoding=\"async\" width=\"1200\" height=\"317\" src=\"https:\/\/cjl-saintchamas.com\/wp-content\/uploads\/2025\/08\/departement.png\" alt=\"\" class=\"wp-image-1646\" style=\"width:300px\" srcset=\"https:\/\/cjl-saintchamas.com\/wp-content\/uploads\/2025\/08\/departement.png 1200w, https:\/\/cjl-saintchamas.com\/wp-content\/uploads\/2025\/08\/departement-300x79.png 300w, https:\/\/cjl-saintchamas.com\/wp-content\/uploads\/2025\/08\/departement-1024x271.png 1024w, https:\/\/cjl-saintchamas.com\/wp-content\/uploads\/2025\/08\/departement-768x203.png 768w, https:\/\/cjl-saintchamas.com\/wp-content\/uploads\/2025\/08\/departement-24x6.png 24w, https:\/\/cjl-saintchamas.com\/wp-content\/uploads\/2025\/08\/departement-36x10.png 36w, https:\/\/cjl-saintchamas.com\/wp-content\/uploads\/2025\/08\/departement-48x13.png 48w, https:\/\/cjl-saintchamas.com\/wp-content\/uploads\/2025\/08\/departement-228x60.png 228w\" sizes=\"auto, (max-width: 1200px) 100vw, 1200px\" \/><\/a><\/figure>\n<\/div><\/div>\n\n\n\n<div class=\"wp-block-column is-layout-flow wp-block-column-is-layout-flow\"><div class=\"wp-block-image\">\n<figure class=\"aligncenter size-full is-resized\"><a href=\"https:\/\/ampmetropole.fr\/\"><img loading=\"lazy\" decoding=\"async\" width=\"836\" height=\"132\" src=\"https:\/\/cjl-saintchamas.com\/wp-content\/uploads\/2025\/08\/metropole.jpg\" alt=\"\" class=\"wp-image-1647\" style=\"width:300px\" srcset=\"https:\/\/cjl-saintchamas.com\/wp-content\/uploads\/2025\/08\/metropole.jpg 836w, https:\/\/cjl-saintchamas.com\/wp-content\/uploads\/2025\/08\/metropole-300x47.jpg 300w, https:\/\/cjl-saintchamas.com\/wp-content\/uploads\/2025\/08\/metropole-768x121.jpg 768w, https:\/\/cjl-saintchamas.com\/wp-content\/uploads\/2025\/08\/metropole-24x4.jpg 24w, https:\/\/cjl-saintchamas.com\/wp-content\/uploads\/2025\/08\/metropole-36x6.jpg 36w, https:\/\/cjl-saintchamas.com\/wp-content\/uploads\/2025\/08\/metropole-48x8.jpg 48w, https:\/\/cjl-saintchamas.com\/wp-content\/uploads\/2025\/08\/metropole-228x36.jpg 228w\" sizes=\"auto, (max-width: 836px) 100vw, 836px\" \/><\/a><\/figure>\n<\/div><\/div>\n<\/div>\n\n\n\n<figure class=\"wp-block-table aligncenter has-medium-font-size\"><table  class=\"has-fixed-layout table table-hover\" ><tbody><tr><td class=\"has-text-align-center\" data-align=\"center\"><strong>AMD<\/strong><\/td><td class=\"has-text-align-center\" data-align=\"center\"><strong>Entreprise Sabatier<\/strong><\/td><td class=\"has-text-align-center\" data-align=\"center\"><strong>Kaiju Restaurant<\/strong><\/td><\/tr><tr><td class=\"has-text-align-center\" data-align=\"center\"><a href=\"http:\/\/www.groupe-amd.com\"><img loading=\"lazy\" decoding=\"async\" width=\"117\" height=\"120\" class=\"wp-image-973\" style=\"width: 117px;\" src=\"https:\/\/cjl-saintchamas.com\/wp-content\/uploads\/2023\/11\/AMD.jpeg\" alt=\"\" srcset=\"https:\/\/cjl-saintchamas.com\/wp-content\/uploads\/2023\/11\/AMD.jpeg 117w, https:\/\/cjl-saintchamas.com\/wp-content\/uploads\/2023\/11\/AMD-24x24.jpeg 24w, https:\/\/cjl-saintchamas.com\/wp-content\/uploads\/2023\/11\/AMD-36x36.jpeg 36w, https:\/\/cjl-saintchamas.com\/wp-content\/uploads\/2023\/11\/AMD-48x48.jpeg 48w, https:\/\/cjl-saintchamas.com\/wp-content\/uploads\/2023\/11\/AMD-113x116.jpeg 113w\" sizes=\"auto, (max-width: 117px) 100vw, 117px\" \/><\/a><\/td><td class=\"has-text-align-center\" data-align=\"center\"><a href=\"https:\/\/www.entreprise-sabatier.fr\/\"><img loading=\"lazy\" decoding=\"async\" width=\"150\" height=\"150\" class=\"wp-image-972\" style=\"width: 150px;\" src=\"https:\/\/cjl-saintchamas.com\/wp-content\/uploads\/2023\/11\/Sabatier.png\" alt=\"\" srcset=\"https:\/\/cjl-saintchamas.com\/wp-content\/uploads\/2023\/11\/Sabatier.png 400w, https:\/\/cjl-saintchamas.com\/wp-content\/uploads\/2023\/11\/Sabatier-300x300.png 300w, https:\/\/cjl-saintchamas.com\/wp-content\/uploads\/2023\/11\/Sabatier-150x150.png 150w, https:\/\/cjl-saintchamas.com\/wp-content\/uploads\/2023\/11\/Sabatier-24x24.png 24w, https:\/\/cjl-saintchamas.com\/wp-content\/uploads\/2023\/11\/Sabatier-36x36.png 36w, https:\/\/cjl-saintchamas.com\/wp-content\/uploads\/2023\/11\/Sabatier-48x48.png 48w, https:\/\/cjl-saintchamas.com\/wp-content\/uploads\/2023\/11\/Sabatier-116x116.png 116w\" sizes=\"auto, (max-width: 150px) 100vw, 150px\" \/><\/a><\/td><td class=\"has-text-align-center\" data-align=\"center\"><a href=\"https:\/\/www.restaurantkaiju.fr\/\"><img loading=\"lazy\" decoding=\"async\" width=\"150\" height=\"150\" class=\"wp-image-1007\" style=\"width: 150px;\" src=\"https:\/\/cjl-saintchamas.com\/wp-content\/uploads\/2024\/01\/Kaiju.jpg\" alt=\"\" srcset=\"https:\/\/cjl-saintchamas.com\/wp-content\/uploads\/2024\/01\/Kaiju.jpg 961w, https:\/\/cjl-saintchamas.com\/wp-content\/uploads\/2024\/01\/Kaiju-300x300.jpg 300w, https:\/\/cjl-saintchamas.com\/wp-content\/uploads\/2024\/01\/Kaiju-150x150.jpg 150w, https:\/\/cjl-saintchamas.com\/wp-content\/uploads\/2024\/01\/Kaiju-768x768.jpg 768w, https:\/\/cjl-saintchamas.com\/wp-content\/uploads\/2024\/01\/Kaiju-24x24.jpg 24w, https:\/\/cjl-saintchamas.com\/wp-content\/uploads\/2024\/01\/Kaiju-36x36.jpg 36w, https:\/\/cjl-saintchamas.com\/wp-content\/uploads\/2024\/01\/Kaiju-48x48.jpg 48w, https:\/\/cjl-saintchamas.com\/wp-content\/uploads\/2024\/01\/Kaiju-116x116.jpg 116w\" sizes=\"auto, (max-width: 150px) 100vw, 150px\" \/><\/a><\/td><\/tr><tr><td class=\"has-text-align-center\" data-align=\"center\"><strong>Shibuya Caf\u00e9<\/strong><\/td><td class=\"has-text-align-center\" data-align=\"center\"><strong>CLC Net<\/strong><\/td><td class=\"has-text-align-center\" data-align=\"center\"><strong>BluBag<\/strong><\/td><\/tr><tr><td class=\"has-text-align-center\" data-align=\"center\"><a href=\"https:\/\/www.facebook.com\/p\/Shibuya-Bubble-Tea-Coffee-61551021508114\/\"><img loading=\"lazy\" decoding=\"async\" width=\"150\" height=\"150\" class=\"wp-image-1008\" style=\"width: 150px;\" src=\"https:\/\/cjl-saintchamas.com\/wp-content\/uploads\/2024\/01\/Shibuya-cafe.jpg\" alt=\"\" srcset=\"https:\/\/cjl-saintchamas.com\/wp-content\/uploads\/2024\/01\/Shibuya-cafe.jpg 1080w, https:\/\/cjl-saintchamas.com\/wp-content\/uploads\/2024\/01\/Shibuya-cafe-300x300.jpg 300w, https:\/\/cjl-saintchamas.com\/wp-content\/uploads\/2024\/01\/Shibuya-cafe-1024x1024.jpg 1024w, https:\/\/cjl-saintchamas.com\/wp-content\/uploads\/2024\/01\/Shibuya-cafe-150x150.jpg 150w, https:\/\/cjl-saintchamas.com\/wp-content\/uploads\/2024\/01\/Shibuya-cafe-768x768.jpg 768w, https:\/\/cjl-saintchamas.com\/wp-content\/uploads\/2024\/01\/Shibuya-cafe-24x24.jpg 24w, https:\/\/cjl-saintchamas.com\/wp-content\/uploads\/2024\/01\/Shibuya-cafe-36x36.jpg 36w, https:\/\/cjl-saintchamas.com\/wp-content\/uploads\/2024\/01\/Shibuya-cafe-48x48.jpg 48w, https:\/\/cjl-saintchamas.com\/wp-content\/uploads\/2024\/01\/Shibuya-cafe-116x116.jpg 116w\" sizes=\"auto, (max-width: 150px) 100vw, 150px\" \/><\/a><\/td><td class=\"has-text-align-center\" data-align=\"center\"><img loading=\"lazy\" decoding=\"async\" width=\"150\" height=\"148\" class=\"wp-image-1004\" style=\"width: 150px;\" src=\"https:\/\/cjl-saintchamas.com\/wp-content\/uploads\/2024\/01\/CLC-net.jpg\" alt=\"\" srcset=\"https:\/\/cjl-saintchamas.com\/wp-content\/uploads\/2024\/01\/CLC-net.jpg 1030w, https:\/\/cjl-saintchamas.com\/wp-content\/uploads\/2024\/01\/CLC-net-300x296.jpg 300w, https:\/\/cjl-saintchamas.com\/wp-content\/uploads\/2024\/01\/CLC-net-1024x1009.jpg 1024w, https:\/\/cjl-saintchamas.com\/wp-content\/uploads\/2024\/01\/CLC-net-768x757.jpg 768w, https:\/\/cjl-saintchamas.com\/wp-content\/uploads\/2024\/01\/CLC-net-24x24.jpg 24w, https:\/\/cjl-saintchamas.com\/wp-content\/uploads\/2024\/01\/CLC-net-36x36.jpg 36w, https:\/\/cjl-saintchamas.com\/wp-content\/uploads\/2024\/01\/CLC-net-48x48.jpg 48w, https:\/\/cjl-saintchamas.com\/wp-content\/uploads\/2024\/01\/CLC-net-118x116.jpg 118w\" sizes=\"auto, (max-width: 150px) 100vw, 150px\" \/><\/td><td class=\"has-text-align-center\" data-align=\"center\"><a href=\"https:\/\/blubag.world\/fr\/\"><img loading=\"lazy\" decoding=\"async\" width=\"150\" height=\"176\" class=\"wp-image-1659\" style=\"width: 150px;\" src=\"https:\/\/cjl-saintchamas.com\/wp-content\/uploads\/2025\/08\/Blubag.png\" alt=\"\" srcset=\"https:\/\/cjl-saintchamas.com\/wp-content\/uploads\/2025\/08\/Blubag.png 1110w, https:\/\/cjl-saintchamas.com\/wp-content\/uploads\/2025\/08\/Blubag-256x300.png 256w, https:\/\/cjl-saintchamas.com\/wp-content\/uploads\/2025\/08\/Blubag-874x1024.png 874w, https:\/\/cjl-saintchamas.com\/wp-content\/uploads\/2025\/08\/Blubag-768x899.png 768w, https:\/\/cjl-saintchamas.com\/wp-content\/uploads\/2025\/08\/Blubag-20x24.png 20w, https:\/\/cjl-saintchamas.com\/wp-content\/uploads\/2025\/08\/Blubag-31x36.png 31w, https:\/\/cjl-saintchamas.com\/wp-content\/uploads\/2025\/08\/Blubag-41x48.png 41w, https:\/\/cjl-saintchamas.com\/wp-content\/uploads\/2025\/08\/Blubag-99x116.png 99w\" sizes=\"auto, (max-width: 150px) 100vw, 150px\" \/><\/a><\/td><\/tr><tr><td class=\"has-text-align-center\" data-align=\"center\"><strong>Saint Chamas TP<\/strong><\/td><td class=\"has-text-align-center\" data-align=\"center\"><strong>AS Autos\u00e9curit\u00e9<\/strong><\/td><td class=\"has-text-align-center\" data-align=\"center\"><strong>TC Consulting<\/strong><\/td><\/tr><tr><td class=\"has-text-align-center\" data-align=\"center\"><a href=\"https:\/\/st-chamas-tp.fr\/\"><img loading=\"lazy\" decoding=\"async\" width=\"150\" height=\"60\" class=\"wp-image-1660\" style=\"width: 150px;\" src=\"https:\/\/cjl-saintchamas.com\/wp-content\/uploads\/2025\/08\/st-chamas-tp.png\" alt=\"\" srcset=\"https:\/\/cjl-saintchamas.com\/wp-content\/uploads\/2025\/08\/st-chamas-tp.png 786w, https:\/\/cjl-saintchamas.com\/wp-content\/uploads\/2025\/08\/st-chamas-tp-300x121.png 300w, https:\/\/cjl-saintchamas.com\/wp-content\/uploads\/2025\/08\/st-chamas-tp-768x309.png 768w, https:\/\/cjl-saintchamas.com\/wp-content\/uploads\/2025\/08\/st-chamas-tp-24x10.png 24w, https:\/\/cjl-saintchamas.com\/wp-content\/uploads\/2025\/08\/st-chamas-tp-36x14.png 36w, https:\/\/cjl-saintchamas.com\/wp-content\/uploads\/2025\/08\/st-chamas-tp-48x19.png 48w, https:\/\/cjl-saintchamas.com\/wp-content\/uploads\/2025\/08\/st-chamas-tp-228x92.png 228w\" sizes=\"auto, (max-width: 150px) 100vw, 150px\" \/><\/a><\/td><td class=\"has-text-align-center\" data-align=\"center\"><a href=\"https:\/\/www.controletechniqueabbadie.fr\/\"><img loading=\"lazy\" decoding=\"async\" width=\"150\" height=\"150\" class=\"wp-image-1027\" style=\"width: 150px;\" src=\"https:\/\/cjl-saintchamas.com\/wp-content\/uploads\/2024\/03\/Autosecurite.webp\" alt=\"\" srcset=\"https:\/\/cjl-saintchamas.com\/wp-content\/uploads\/2024\/03\/Autosecurite.webp 150w, https:\/\/cjl-saintchamas.com\/wp-content\/uploads\/2024\/03\/Autosecurite-24x24.webp 24w, https:\/\/cjl-saintchamas.com\/wp-content\/uploads\/2024\/03\/Autosecurite-36x36.webp 36w, https:\/\/cjl-saintchamas.com\/wp-content\/uploads\/2024\/03\/Autosecurite-48x48.webp 48w, https:\/\/cjl-saintchamas.com\/wp-content\/uploads\/2024\/03\/Autosecurite-116x116.webp 116w\" sizes=\"auto, (max-width: 150px) 100vw, 150px\" \/><\/a><\/td><td class=\"has-text-align-center\" data-align=\"center\"><img loading=\"lazy\" decoding=\"async\" width=\"150\" height=\"150\" class=\"wp-image-1658\" style=\"width: 150px;\" src=\"https:\/\/cjl-saintchamas.com\/wp-content\/uploads\/2025\/08\/logo-TC.jpg\" alt=\"\" srcset=\"https:\/\/cjl-saintchamas.com\/wp-content\/uploads\/2025\/08\/logo-TC.jpg 591w, https:\/\/cjl-saintchamas.com\/wp-content\/uploads\/2025\/08\/logo-TC-300x300.jpg 300w, https:\/\/cjl-saintchamas.com\/wp-content\/uploads\/2025\/08\/logo-TC-150x150.jpg 150w, https:\/\/cjl-saintchamas.com\/wp-content\/uploads\/2025\/08\/logo-TC-24x24.jpg 24w, https:\/\/cjl-saintchamas.com\/wp-content\/uploads\/2025\/08\/logo-TC-36x36.jpg 36w, https:\/\/cjl-saintchamas.com\/wp-content\/uploads\/2025\/08\/logo-TC-48x48.jpg 48w, https:\/\/cjl-saintchamas.com\/wp-content\/uploads\/2025\/08\/logo-TC-116x116.jpg 116w\" sizes=\"auto, (max-width: 150px) 100vw, 150px\" \/><\/td><\/tr><\/tbody><\/table><\/figure>\n","protected":false},"excerpt":{"rendered":"<p>AMD Entreprise Sabatier Kaiju Restaurant Shibuya Caf\u00e9 CLC Net BluBag Saint Chamas TP AS Autos\u00e9curit\u00e9 TC Consulting<\/p>\n","protected":false},"author":1,"featured_media":0,"parent":0,"menu_order":0,"comment_status":"closed","ping_status":"closed","template":"","meta":{"footnotes":""},"class_list":["post-969","page","type-page","status-publish","hentry"],"_links":{"self":[{"href":"https:\/\/cjl-saintchamas.com\/index.php?rest_route=\/wp\/v2\/pages\/969","targetHints":{"allow":["GET"]}}],"collection":[{"href":"https:\/\/cjl-saintchamas.com\/index.php?rest_route=\/wp\/v2\/pages"}],"about":[{"href":"https:\/\/cjl-saintchamas.com\/index.php?rest_route=\/wp\/v2\/types\/page"}],"author":[{"embeddable":true,"href":"https:\/\/cjl-saintchamas.com\/index.php?rest_route=\/wp\/v2\/users\/1"}],"replies":[{"embeddable":true,"href":"https:\/\/cjl-saintchamas.com\/index.php?rest_route=%2Fwp%2Fv2%2Fcomments&post=969"}],"version-history":[{"count":18,"href":"https:\/\/cjl-saintchamas.com\/index.php?rest_route=\/wp\/v2\/pages\/969\/revisions"}],"predecessor-version":[{"id":1664,"href":"https:\/\/cjl-saintchamas.com\/index.php?rest_route=\/wp\/v2\/pages\/969\/revisions\/1664"}],"wp:attachment":[{"href":"https:\/\/cjl-saintchamas.com\/index.php?rest_route=%2Fwp%2Fv2%2Fmedia&parent=969"}],"curies":[{"name":"wp","href":"https:\/\/api.w.org\/{rel}","templated":true}]}}