{"id":92,"date":"2021-07-06T14:46:51","date_gmt":"2021-07-06T12:46:51","guid":{"rendered":"http:\/\/localhost\/CJL-AIL\/?page_id=92"},"modified":"2025-09-13T11:00:32","modified_gmt":"2025-09-13T09:00:32","slug":"adhesion","status":"publish","type":"page","link":"https:\/\/cjl-saintchamas.com\/?page_id=92","title":{"rendered":"Adh\u00e9sion"},"content":{"rendered":"\n<p style=\"font-size:28px\"><strong><span style=\"text-decoration: underline;\">Comment s&rsquo;inscrire ?<\/span><\/strong><\/p>\n\n\n\n<p class=\"has-medium-font-size\">Il vous suffit de t\u00e9l\u00e9charger la fiche d&rsquo;inscription, de la remplir et de nous la ramener avec les documents n\u00e9cessaires.<\/p>\n\n\n\n<div data-wp-interactive=\"core\/file\" class=\"wp-block-file\"><object data-wp-bind--hidden=\"!state.hasPdfPreview\" hidden class=\"wp-block-file__embed\" data=\"https:\/\/cjl-saintchamas.com\/wp-content\/uploads\/2025\/08\/FICHE-D-INSCRIPTION-CJL-2526-Copie.pdf\" type=\"application\/pdf\" style=\"width:100%;height:600px\" aria-label=\"Contenu embarqu\u00e9 FICHE D INSCRIPTION CJL 2526 - Copie.\"><\/object><a id=\"wp-block-file--media-2eca2968-0310-4608-beef-eaaa9001e4f4\" href=\"https:\/\/cjl-saintchamas.com\/wp-content\/uploads\/2025\/08\/FICHE-D-INSCRIPTION-CJL-2526-Copie.pdf\">FICHE D INSCRIPTION CJL 2526 &#8211; Copie<\/a><a href=\"https:\/\/cjl-saintchamas.com\/wp-content\/uploads\/2025\/08\/FICHE-D-INSCRIPTION-CJL-2526-Copie.pdf\" class=\"wp-block-file__button wp-element-button\" download aria-describedby=\"wp-block-file--media-2eca2968-0310-4608-beef-eaaa9001e4f4\">T\u00e9l\u00e9charger<\/a><\/div>\n\n\n\n<p class=\"has-medium-font-size\">Si vous avez d\u00e9j\u00e0 donn\u00e9e votre certificat l&rsquo;ann\u00e9e derni\u00e8re, merci de remplir le questionnaire sant\u00e9 suivant :<\/p>\n\n\n\n<div class=\"wp-block-file\"><a id=\"wp-block-file--media-81eeb1af-1ee4-48da-b050-47efcaf78157\" href=\"https:\/\/cjl-saintchamas.com\/wp-content\/uploads\/2025\/07\/Questionnaire-de-sante-sport-1.jpg\">Questionnaire de sant\u00e9 sport<\/a><a href=\"https:\/\/cjl-saintchamas.com\/wp-content\/uploads\/2025\/07\/Questionnaire-de-sante-sport-1.jpg\" class=\"wp-block-file__button wp-element-button\" download aria-describedby=\"wp-block-file--media-81eeb1af-1ee4-48da-b050-47efcaf78157\">T\u00e9l\u00e9charger<\/a><\/div>\n\n\n\n<p class=\"has-medium-font-size\">Pour prendre connaissance de toutes nos activit\u00e9s, voici notre programme pour la saison 2024-2025.<\/p>\n\n\n\n<div data-wp-interactive=\"core\/file\" class=\"wp-block-file\"><object data-wp-bind--hidden=\"!state.hasPdfPreview\" hidden class=\"wp-block-file__embed\" data=\"https:\/\/cjl-saintchamas.com\/wp-content\/uploads\/2025\/08\/Flyers-2025-2026.pdf\" type=\"application\/pdf\" style=\"width:100%;height:600px\" aria-label=\"Contenu embarqu\u00e9 Flyers 2025-2026.\"><\/object><a id=\"wp-block-file--media-bdefa26d-b176-4c63-9abe-8593cd7e5c31\" href=\"https:\/\/cjl-saintchamas.com\/wp-content\/uploads\/2025\/08\/Flyers-2025-2026.pdf\">Flyers 2025-2026<\/a><a href=\"https:\/\/cjl-saintchamas.com\/wp-content\/uploads\/2025\/08\/Flyers-2025-2026.pdf\" class=\"wp-block-file__button wp-element-button\" download aria-describedby=\"wp-block-file--media-bdefa26d-b176-4c63-9abe-8593cd7e5c31\">T\u00e9l\u00e9charger<\/a><\/div>\n\n\n\n<p class=\"has-medium-font-size\">Au plaisir de vous voir !<\/p>\n\n\n\n<p style=\"font-size:28px\"><strong><span style=\"text-decoration: underline;\">O\u00f9 nous trouver ?<\/span><\/strong><\/p>\n\n\n\n<p class=\"has-text-align-center has-medium-font-size\">Notre si\u00e8ge social se trouve \u00e0 Saint-Chamas. Plus pr\u00e9cis\u00e9ment \u00e0 l&rsquo;adresse suivante:<em> \u00ab\u00a0Ancienne Gendarmerie, 21 Av. Saint-Exup\u00e9ry, 13250 Saint-Chamas\u00a0\u00bb<\/em><\/p>\n\n\n<div class=\"wp-block-image\">\n<figure class=\"aligncenter size-large is-resized\"><img loading=\"lazy\" decoding=\"async\" width=\"1959\" height=\"1102\" src=\"https:\/\/cjl-saintchamas.com\/wp-content\/uploads\/2024\/10\/CJL-AIL-1-edited.png\" alt=\"\" class=\"wp-image-1153\" style=\"width:629px;height:auto\" srcset=\"https:\/\/cjl-saintchamas.com\/wp-content\/uploads\/2024\/10\/CJL-AIL-1-edited.png 1959w, https:\/\/cjl-saintchamas.com\/wp-content\/uploads\/2024\/10\/CJL-AIL-1-edited-300x169.png 300w, https:\/\/cjl-saintchamas.com\/wp-content\/uploads\/2024\/10\/CJL-AIL-1-edited-1024x576.png 1024w, https:\/\/cjl-saintchamas.com\/wp-content\/uploads\/2024\/10\/CJL-AIL-1-edited-768x432.png 768w, https:\/\/cjl-saintchamas.com\/wp-content\/uploads\/2024\/10\/CJL-AIL-1-edited-1536x864.png 1536w, https:\/\/cjl-saintchamas.com\/wp-content\/uploads\/2024\/10\/CJL-AIL-1-edited-24x14.png 24w, https:\/\/cjl-saintchamas.com\/wp-content\/uploads\/2024\/10\/CJL-AIL-1-edited-36x20.png 36w, https:\/\/cjl-saintchamas.com\/wp-content\/uploads\/2024\/10\/CJL-AIL-1-edited-48x27.png 48w, https:\/\/cjl-saintchamas.com\/wp-content\/uploads\/2024\/10\/CJL-AIL-1-edited-206x116.png 206w\" sizes=\"auto, (max-width: 1959px) 100vw, 1959px\" \/><\/figure>\n<\/div>\n\n\n<p style=\"font-size:22px\">Vous vous garez <strong>en-bas de l&rsquo;ancienne gendarmerie.<\/strong><\/p>\n\n\n\n<p class=\"has-text-align-left\" style=\"font-size:22px\">Vous montez les escaliers et vous rentrez par <strong>la porte de droite \u00e0 l&rsquo;extr\u00e9mit\u00e9<\/strong> de l&rsquo;ancienne gendarmerie. <\/p>\n\n\n\n<p class=\"has-text-align-left\" style=\"font-size:22px\">Puis, vous <strong>montez au 1er \u00e9tage<\/strong>, prenez la <strong>1\u00e8re porte de gauche.<\/strong><\/p>\n\n\n\n<p style=\"font-size:28px\"><strong><span style=\"text-decoration: underline;\">Permanences <\/span><\/strong><\/p>\n\n\n\n<p class=\"has-text-align-left has-medium-font-size\">Pour plus de faciliter, nous tenons des  permanences au Parc des Sports \u00e0 la rentr\u00e9e<\/p>\n\n\n\n<p class=\"has-text-align-center\" style=\"font-size:22px\">On vous accueillera avec le sourire \ud83d\ude42<\/p>\n\n\n<div class=\"wp-block-image\">\n<figure class=\"aligncenter size-large is-resized\"><img loading=\"lazy\" decoding=\"async\" width=\"724\" height=\"1024\" src=\"https:\/\/cjl-saintchamas.com\/wp-content\/uploads\/2025\/09\/permanences-724x1024.jpg\" alt=\"\" class=\"wp-image-1692\" style=\"width:700px\" srcset=\"https:\/\/cjl-saintchamas.com\/wp-content\/uploads\/2025\/09\/permanences-724x1024.jpg 724w, https:\/\/cjl-saintchamas.com\/wp-content\/uploads\/2025\/09\/permanences-212x300.jpg 212w, https:\/\/cjl-saintchamas.com\/wp-content\/uploads\/2025\/09\/permanences-768x1086.jpg 768w, https:\/\/cjl-saintchamas.com\/wp-content\/uploads\/2025\/09\/permanences-1086x1536.jpg 1086w, https:\/\/cjl-saintchamas.com\/wp-content\/uploads\/2025\/09\/permanences-17x24.jpg 17w, https:\/\/cjl-saintchamas.com\/wp-content\/uploads\/2025\/09\/permanences-25x36.jpg 25w, https:\/\/cjl-saintchamas.com\/wp-content\/uploads\/2025\/09\/permanences-34x48.jpg 34w, https:\/\/cjl-saintchamas.com\/wp-content\/uploads\/2025\/09\/permanences-82x116.jpg 82w, https:\/\/cjl-saintchamas.com\/wp-content\/uploads\/2025\/09\/permanences.jpg 1448w\" sizes=\"auto, (max-width: 724px) 100vw, 724px\" \/><\/figure>\n<\/div>","protected":false},"excerpt":{"rendered":"<p>Comment s&rsquo;inscrire ? Il vous suffit de t\u00e9l\u00e9charger la fiche d&rsquo;inscription, de la remplir et de nous la ramener avec &hellip; <a href=\"https:\/\/cjl-saintchamas.com\/?page_id=92\" class=\"more-link\">Continue reading <span class=\"screen-reader-text\">Adh\u00e9sion<\/span><\/a><\/p>\n","protected":false},"author":1,"featured_media":780,"parent":0,"menu_order":0,"comment_status":"closed","ping_status":"closed","template":"","meta":{"footnotes":""},"class_list":["post-92","page","type-page","status-publish","has-post-thumbnail","hentry"],"_links":{"self":[{"href":"https:\/\/cjl-saintchamas.com\/index.php?rest_route=\/wp\/v2\/pages\/92","targetHints":{"allow":["GET"]}}],"collection":[{"href":"https:\/\/cjl-saintchamas.com\/index.php?rest_route=\/wp\/v2\/pages"}],"about":[{"href":"https:\/\/cjl-saintchamas.com\/index.php?rest_route=\/wp\/v2\/types\/page"}],"author":[{"embeddable":true,"href":"https:\/\/cjl-saintchamas.com\/index.php?rest_route=\/wp\/v2\/users\/1"}],"replies":[{"embeddable":true,"href":"https:\/\/cjl-saintchamas.com\/index.php?rest_route=%2Fwp%2Fv2%2Fcomments&post=92"}],"version-history":[{"count":35,"href":"https:\/\/cjl-saintchamas.com\/index.php?rest_route=\/wp\/v2\/pages\/92\/revisions"}],"predecessor-version":[{"id":1693,"href":"https:\/\/cjl-saintchamas.com\/index.php?rest_route=\/wp\/v2\/pages\/92\/revisions\/1693"}],"wp:featuredmedia":[{"embeddable":true,"href":"https:\/\/cjl-saintchamas.com\/index.php?rest_route=\/wp\/v2\/media\/780"}],"wp:attachment":[{"href":"https:\/\/cjl-saintchamas.com\/index.php?rest_route=%2Fwp%2Fv2%2Fmedia&parent=92"}],"curies":[{"name":"wp","href":"https:\/\/api.w.org\/{rel}","templated":true}]}}