{"id":675,"date":"2022-02-01T11:47:15","date_gmt":"2022-02-01T10:47:15","guid":{"rendered":"https:\/\/cjl-saintchamas.com\/?page_id=675"},"modified":"2025-10-14T23:42:33","modified_gmt":"2025-10-14T21:42:33","slug":"contact","status":"publish","type":"page","link":"https:\/\/cjl-saintchamas.com\/?page_id=675","title":{"rendered":"Contacts"},"content":{"rendered":"\n<h2 class=\"wp-block-heading\">\ud83d\udcde <strong>Tu veux nous joindre ? C\u2019est par ici !<\/strong><\/h2>\n\n\n\n<p>Vous avez une question, une demande ou souhaitez simplement en savoir plus sur nos activit\u00e9s ? N\u2019h\u00e9sitez pas \u00e0 nous contacter !<\/p>\n\n\n\n<h3 class=\"wp-block-heading\">\u2709\ufe0f <strong>Par Mail<\/strong> : <a>secretariatcjlail@gmail.com <\/a><\/h3>\n\n\n\n<h3 class=\"wp-block-heading\">\ud83d\udcf1 <strong>Par t\u00e9l\u00e9phone<\/strong> : 06.17.92.73.91 ou 04.90.50.76.41<\/h3>\n\n\n\n<h3 class=\"wp-block-heading\">\ud83d\udccd <strong>Adresse du club<\/strong> :<br>21 Avenue Saint-Exup\u00e9ry, Ancienne Gendarmerie<br>13250 Saint-Chamas<\/h3>\n\n\n\n<p><em>Parking dispo, bonne humeur aussi !<\/em><\/p>\n\n\n\n<h3 class=\"wp-block-heading\">\ud83d\udd50 <strong>Horaires du secr\u00e9tariat<\/strong> :<\/h3>\n\n\n\n<ul class=\"wp-block-list\">\n<li><strong>Lundi : <\/strong> 9H00 &#8211; 12H00 \/ 13h30 \u2013 17h00<\/li>\n\n\n\n<li><strong>Mardi : <\/strong>9h00 &#8211; 14h00<\/li>\n\n\n\n<li><strong>Mercredi :<\/strong> 13h30 \u2013 17h00<\/li>\n\n\n\n<li><strong>Jeudi : <\/strong>10h00 &#8211; 17h00<\/li>\n\n\n\n<li><strong>Vendredi :<\/strong> 9H00 &#8211; 12H00<br><em>(Ferm\u00e9 les jours f\u00e9ri\u00e9s<\/em>)<\/li>\n<\/ul>\n\n\n\n<h3 class=\"wp-block-heading\">\ud83d\udd17 <strong>Suivez-nous sur les r\u00e9seaux, on poste souvent !<\/strong><\/h3>\n\n\n\n<p>\ud83d\udcac Actus, photos, stories, r\u00e9sultats\u2026 tout y est !<\/p>\n\n\n\n<figure class=\"wp-block-gallery has-nested-images columns-default is-cropped wp-block-gallery-2 is-layout-flex wp-block-gallery-is-layout-flex\">\n<figure class=\"wp-block-image size-full is-resized wp-duotone-000097-ff4747-1\"><a href=\"https:\/\/www.instagram.com\/cjl_ail\" target=\"_blank\" rel=\" noreferrer noopener\"><img loading=\"lazy\" decoding=\"async\" width=\"640\" height=\"640\" data-id=\"1214\" src=\"https:\/\/cjl-saintchamas.com\/wp-content\/uploads\/2025\/07\/Instagram.png\" alt=\"\" class=\"wp-image-1214\" style=\"width:82px;height:82px\" srcset=\"https:\/\/cjl-saintchamas.com\/wp-content\/uploads\/2025\/07\/Instagram.png 640w, https:\/\/cjl-saintchamas.com\/wp-content\/uploads\/2025\/07\/Instagram-300x300.png 300w, https:\/\/cjl-saintchamas.com\/wp-content\/uploads\/2025\/07\/Instagram-150x150.png 150w, https:\/\/cjl-saintchamas.com\/wp-content\/uploads\/2025\/07\/Instagram-24x24.png 24w, https:\/\/cjl-saintchamas.com\/wp-content\/uploads\/2025\/07\/Instagram-36x36.png 36w, https:\/\/cjl-saintchamas.com\/wp-content\/uploads\/2025\/07\/Instagram-48x48.png 48w, https:\/\/cjl-saintchamas.com\/wp-content\/uploads\/2025\/07\/Instagram-116x116.png 116w\" sizes=\"auto, (max-width: 640px) 100vw, 640px\" \/><\/a><\/figure>\n\n\n\n<figure class=\"wp-block-image size-full is-resized is-style-default\"><a href=\"https:\/\/www.facebook.com\/profile.php?id=100057847681619\" target=\"_blank\" rel=\" noreferrer noopener\"><img loading=\"lazy\" decoding=\"async\" width=\"325\" height=\"325\" data-id=\"1216\" src=\"https:\/\/cjl-saintchamas.com\/wp-content\/uploads\/2025\/07\/Facebook.png\" alt=\"\" class=\"wp-image-1216\" style=\"width:83px;height:83px\" srcset=\"https:\/\/cjl-saintchamas.com\/wp-content\/uploads\/2025\/07\/Facebook.png 325w, https:\/\/cjl-saintchamas.com\/wp-content\/uploads\/2025\/07\/Facebook-300x300.png 300w, https:\/\/cjl-saintchamas.com\/wp-content\/uploads\/2025\/07\/Facebook-150x150.png 150w, https:\/\/cjl-saintchamas.com\/wp-content\/uploads\/2025\/07\/Facebook-24x24.png 24w, https:\/\/cjl-saintchamas.com\/wp-content\/uploads\/2025\/07\/Facebook-36x36.png 36w, https:\/\/cjl-saintchamas.com\/wp-content\/uploads\/2025\/07\/Facebook-48x48.png 48w, https:\/\/cjl-saintchamas.com\/wp-content\/uploads\/2025\/07\/Facebook-116x116.png 116w\" sizes=\"auto, (max-width: 325px) 100vw, 325px\" \/><\/a><\/figure>\n\n\n<div class=\"wp-block-image\">\n<figure class=\"aligncenter size-full is-resized\"><a href=\"https:\/\/www.linkedin.com\/company\/cjl-ail-saint-chamas\/\" target=\"_blank\" rel=\"noreferrer noopener\"><img loading=\"lazy\" decoding=\"async\" width=\"512\" height=\"512\" data-id=\"828\" src=\"https:\/\/cjl-saintchamas.com\/wp-content\/uploads\/2023\/07\/linkedind.png\" alt=\"\" class=\"wp-image-828\" style=\"width:82px;height:90px\" srcset=\"https:\/\/cjl-saintchamas.com\/wp-content\/uploads\/2023\/07\/linkedind.png 512w, https:\/\/cjl-saintchamas.com\/wp-content\/uploads\/2023\/07\/linkedind-300x300.png 300w, https:\/\/cjl-saintchamas.com\/wp-content\/uploads\/2023\/07\/linkedind-150x150.png 150w, https:\/\/cjl-saintchamas.com\/wp-content\/uploads\/2023\/07\/linkedind-24x24.png 24w, https:\/\/cjl-saintchamas.com\/wp-content\/uploads\/2023\/07\/linkedind-36x36.png 36w, https:\/\/cjl-saintchamas.com\/wp-content\/uploads\/2023\/07\/linkedind-48x48.png 48w, https:\/\/cjl-saintchamas.com\/wp-content\/uploads\/2023\/07\/linkedind-116x116.png 116w\" sizes=\"auto, (max-width: 512px) 100vw, 512px\" \/><\/a><\/figure>\n<\/div><\/figure>\n\n\n\n<p><\/p>\n","protected":false},"excerpt":{"rendered":"<p>\ud83d\udcde Tu veux nous joindre ? C\u2019est par ici ! Vous avez une question, une demande ou souhaitez simplement en &hellip; <a href=\"https:\/\/cjl-saintchamas.com\/?page_id=675\" class=\"more-link\">Continue reading <span class=\"screen-reader-text\">Contacts<\/span><\/a><\/p>\n","protected":false},"author":1,"featured_media":0,"parent":0,"menu_order":0,"comment_status":"closed","ping_status":"closed","template":"page-templates\/full-width.php","meta":{"footnotes":""},"class_list":["post-675","page","type-page","status-publish","hentry"],"_links":{"self":[{"href":"https:\/\/cjl-saintchamas.com\/index.php?rest_route=\/wp\/v2\/pages\/675","targetHints":{"allow":["GET"]}}],"collection":[{"href":"https:\/\/cjl-saintchamas.com\/index.php?rest_route=\/wp\/v2\/pages"}],"about":[{"href":"https:\/\/cjl-saintchamas.com\/index.php?rest_route=\/wp\/v2\/types\/page"}],"author":[{"embeddable":true,"href":"https:\/\/cjl-saintchamas.com\/index.php?rest_route=\/wp\/v2\/users\/1"}],"replies":[{"embeddable":true,"href":"https:\/\/cjl-saintchamas.com\/index.php?rest_route=%2Fwp%2Fv2%2Fcomments&post=675"}],"version-history":[{"count":25,"href":"https:\/\/cjl-saintchamas.com\/index.php?rest_route=\/wp\/v2\/pages\/675\/revisions"}],"predecessor-version":[{"id":1776,"href":"https:\/\/cjl-saintchamas.com\/index.php?rest_route=\/wp\/v2\/pages\/675\/revisions\/1776"}],"wp:attachment":[{"href":"https:\/\/cjl-saintchamas.com\/index.php?rest_route=%2Fwp%2Fv2%2Fmedia&parent=675"}],"curies":[{"name":"wp","href":"https:\/\/api.w.org\/{rel}","templated":true}]}}