{"id":1530,"date":"2025-07-27T22:51:48","date_gmt":"2025-07-27T20:51:48","guid":{"rendered":"https:\/\/cjl-saintchamas.com\/?page_id=1530"},"modified":"2025-07-27T23:25:53","modified_gmt":"2025-07-27T21:25:53","slug":"tir-a-larc-sarbacane%f0%9f%8f%b9","status":"publish","type":"page","link":"https:\/\/cjl-saintchamas.com\/?page_id=1530","title":{"rendered":"Tir \u00e0 l\u2019arc &amp; Sarbacane\ud83c\udff9"},"content":{"rendered":"\n<p class=\"has-medium-font-size\">La section <strong>Tir \u00e0 l\u2019arc et Sarbacane du CJL AIL<\/strong> est ouverte \u00e0 tous ceux qui souhaitent d\u00e9couvrir ou pratiquer ces disciplines de concentration, de pr\u00e9cision et de ma\u00eetrise de soi.<\/p>\n\n\n\n<p class=\"has-medium-font-size\">Les s\u00e9ances ont lieu <strong>au gymnase Mimi Bonifay<\/strong>, encadr\u00e9es par des b\u00e9n\u00e9voles passionn\u00e9s, dans une ambiance conviviale et respectueuse du rythme de chacun.<\/p>\n\n\n\n<h3 class=\"wp-block-heading\">\ud83d\uddd3\ufe0f <strong>Horaires des s\u00e9ances<\/strong><\/h3>\n\n\n\n<ul class=\"wp-block-list\">\n<li class=\"has-medium-font-size\"><strong>Adultes (+ de 18 ans)<\/strong> :<br>\ud83d\udcc5 <em>Lundi<\/em> de 20h \u00e0 22h<\/li>\n\n\n\n<li class=\"has-medium-font-size\"><strong>Enfants et ados (9 \u00e0 17 ans)<\/strong> :<br>\ud83d\udcc5 <em>Vendredi<\/em> de 18h \u00e0 20h<\/li>\n<\/ul>\n\n\n\n<hr class=\"wp-block-separator has-alpha-channel-opacity\"\/>\n\n\n\n<p class=\"has-medium-font-size\">\ud83c\udfaf Ces activit\u00e9s permettent de travailler la concentration, la posture, le contr\u00f4le de la respiration et la confiance en soi, tout en s\u2019amusant.<\/p>\n\n\n\n<p class=\"has-medium-font-size\">\ud83d\udce7 Informations : <strong>06.63.91.06.9<\/strong>3<\/p>\n\n\n\n<hr class=\"wp-block-separator has-alpha-channel-opacity\"\/>\n\n\n\n<details class=\"wp-block-details has-medium-font-size is-layout-flow wp-block-details-is-layout-flow\" open><summary>Les derniers articles<\/summary><ul class=\"wp-block-latest-posts__list has-link-color wp-elements-225a422267b6eb9ddb19ab95cf20b575 wp-block-latest-posts has-text-color has-black-color\"><li><a class=\"wp-block-latest-posts__post-title\" href=\"https:\/\/cjl-saintchamas.com\/?p=1666\">D\u00e9couverte le Tir \u00e0 l&rsquo;Arc<\/a><\/li>\n<li><a class=\"wp-block-latest-posts__post-title\" href=\"https:\/\/cjl-saintchamas.com\/?p=1555\">Nouvelles sections<\/a><\/li>\n<li><a class=\"wp-block-latest-posts__post-title\" href=\"https:\/\/cjl-saintchamas.com\/?p=1451\">Section Tir \u00e0 l\u2019arc &amp; Sarbacane\ud83c\udff9<\/a><\/li>\n<\/ul><\/details>\n","protected":false},"excerpt":{"rendered":"<p>La section Tir \u00e0 l\u2019arc et Sarbacane du CJL AIL est ouverte \u00e0 tous ceux qui souhaitent d\u00e9couvrir ou pratiquer &hellip; <a href=\"https:\/\/cjl-saintchamas.com\/?page_id=1530\" class=\"more-link\">Continue reading <span class=\"screen-reader-text\">Tir \u00e0 l\u2019arc &amp; Sarbacane\ud83c\udff9<\/span><\/a><\/p>\n","protected":false},"author":1,"featured_media":0,"parent":1177,"menu_order":0,"comment_status":"closed","ping_status":"closed","template":"","meta":{"footnotes":""},"class_list":["post-1530","page","type-page","status-publish","hentry"],"_links":{"self":[{"href":"https:\/\/cjl-saintchamas.com\/index.php?rest_route=\/wp\/v2\/pages\/1530","targetHints":{"allow":["GET"]}}],"collection":[{"href":"https:\/\/cjl-saintchamas.com\/index.php?rest_route=\/wp\/v2\/pages"}],"about":[{"href":"https:\/\/cjl-saintchamas.com\/index.php?rest_route=\/wp\/v2\/types\/page"}],"author":[{"embeddable":true,"href":"https:\/\/cjl-saintchamas.com\/index.php?rest_route=\/wp\/v2\/users\/1"}],"replies":[{"embeddable":true,"href":"https:\/\/cjl-saintchamas.com\/index.php?rest_route=%2Fwp%2Fv2%2Fcomments&post=1530"}],"version-history":[{"count":1,"href":"https:\/\/cjl-saintchamas.com\/index.php?rest_route=\/wp\/v2\/pages\/1530\/revisions"}],"predecessor-version":[{"id":1531,"href":"https:\/\/cjl-saintchamas.com\/index.php?rest_route=\/wp\/v2\/pages\/1530\/revisions\/1531"}],"up":[{"embeddable":true,"href":"https:\/\/cjl-saintchamas.com\/index.php?rest_route=\/wp\/v2\/pages\/1177"}],"wp:attachment":[{"href":"https:\/\/cjl-saintchamas.com\/index.php?rest_route=%2Fwp%2Fv2%2Fmedia&parent=1530"}],"curies":[{"name":"wp","href":"https:\/\/api.w.org\/{rel}","templated":true}]}}