{"id":1522,"date":"2025-07-27T22:43:05","date_gmt":"2025-07-27T20:43:05","guid":{"rendered":"https:\/\/cjl-saintchamas.com\/?page_id=1522"},"modified":"2025-07-27T22:46:11","modified_gmt":"2025-07-27T20:46:11","slug":"yoga%f0%9f%a7%98%e2%99%80%ef%b8%8f","status":"publish","type":"page","link":"https:\/\/cjl-saintchamas.com\/?page_id=1522","title":{"rendered":"Yoga\ud83e\uddd8\u200d\u2640\ufe0f"},"content":{"rendered":"\n<p class=\"has-medium-font-size\">Le CJL AIL vous propose une s\u00e9ance hebdomadaire de <strong>Yoga accessible \u00e0 tous<\/strong>, alliant <strong>Hatha Yoga<\/strong> (yoga postural, respiration, recentrage) et <strong>Yin Yoga<\/strong> (relaxation profonde, \u00e9tirements en douceur).<\/p>\n\n\n\n<p class=\"has-medium-font-size\">Un moment de bien-\u00eatre pour rel\u00e2cher les tensions, am\u00e9liorer la souplesse et apaiser l\u2019esprit, quel que soit votre niveau !<\/p>\n\n\n\n<h3 class=\"wp-block-heading\">\ud83d\uddd3\ufe0f <strong>Horaire<\/strong><\/h3>\n\n\n\n<p class=\"has-medium-font-size\">\ud83d\udcc5 <em>Mardi<\/em> de 19h \u00e0 20h<br>\ud83d\udccd <em>Pavillon G\u00e9rard Fortun\u00e9 \u2013 Saint-Chamas<\/em><\/p>\n\n\n\n<p class=\"has-medium-font-size\">Une s\u00e9ance par semaine dans une ambiance calme et bienveillante, ouverte \u00e0 tous les publics.<\/p>\n\n\n\n<p class=\"has-medium-font-size\">\ud83d\udce7 Informations : Julie au 06.42.21.07.44.<\/p>\n\n\n\n<hr class=\"wp-block-separator has-alpha-channel-opacity\"\/>\n\n\n\n<details class=\"wp-block-details has-medium-font-size is-layout-flow wp-block-details-is-layout-flow\" open><summary>Les derniers articles<\/summary><ul class=\"wp-block-latest-posts__list has-link-color wp-elements-c12102b06f4567b67251324b4c365a88 wp-block-latest-posts has-text-color has-black-color\"><li><a class=\"wp-block-latest-posts__post-title\" href=\"https:\/\/cjl-saintchamas.com\/?p=1555\">Nouvelles sections<\/a><\/li>\n<li><a class=\"wp-block-latest-posts__post-title\" href=\"https:\/\/cjl-saintchamas.com\/?p=1456\">Section Yoga\ud83e\uddd8\u200d\u2640\ufe0f<\/a><\/li>\n<\/ul><\/details>\n","protected":false},"excerpt":{"rendered":"<p>Le CJL AIL vous propose une s\u00e9ance hebdomadaire de Yoga accessible \u00e0 tous, alliant Hatha Yoga (yoga postural, respiration, recentrage) &hellip; <a href=\"https:\/\/cjl-saintchamas.com\/?page_id=1522\" class=\"more-link\">Continue reading <span class=\"screen-reader-text\">Yoga\ud83e\uddd8\u200d\u2640\ufe0f<\/span><\/a><\/p>\n","protected":false},"author":1,"featured_media":0,"parent":1177,"menu_order":0,"comment_status":"closed","ping_status":"closed","template":"","meta":{"footnotes":""},"class_list":["post-1522","page","type-page","status-publish","hentry"],"_links":{"self":[{"href":"https:\/\/cjl-saintchamas.com\/index.php?rest_route=\/wp\/v2\/pages\/1522","targetHints":{"allow":["GET"]}}],"collection":[{"href":"https:\/\/cjl-saintchamas.com\/index.php?rest_route=\/wp\/v2\/pages"}],"about":[{"href":"https:\/\/cjl-saintchamas.com\/index.php?rest_route=\/wp\/v2\/types\/page"}],"author":[{"embeddable":true,"href":"https:\/\/cjl-saintchamas.com\/index.php?rest_route=\/wp\/v2\/users\/1"}],"replies":[{"embeddable":true,"href":"https:\/\/cjl-saintchamas.com\/index.php?rest_route=%2Fwp%2Fv2%2Fcomments&post=1522"}],"version-history":[{"count":2,"href":"https:\/\/cjl-saintchamas.com\/index.php?rest_route=\/wp\/v2\/pages\/1522\/revisions"}],"predecessor-version":[{"id":1526,"href":"https:\/\/cjl-saintchamas.com\/index.php?rest_route=\/wp\/v2\/pages\/1522\/revisions\/1526"}],"up":[{"embeddable":true,"href":"https:\/\/cjl-saintchamas.com\/index.php?rest_route=\/wp\/v2\/pages\/1177"}],"wp:attachment":[{"href":"https:\/\/cjl-saintchamas.com\/index.php?rest_route=%2Fwp%2Fv2%2Fmedia&parent=1522"}],"curies":[{"name":"wp","href":"https:\/\/api.w.org\/{rel}","templated":true}]}}