{"id":1509,"date":"2025-07-27T22:30:03","date_gmt":"2025-07-27T20:30:03","guid":{"rendered":"https:\/\/cjl-saintchamas.com\/?page_id=1509"},"modified":"2025-07-27T22:40:41","modified_gmt":"2025-07-27T20:40:41","slug":"dessin-creation%f0%9f%8e%a8","status":"publish","type":"page","link":"https:\/\/cjl-saintchamas.com\/?page_id=1509","title":{"rendered":"Dessin &amp; Cr\u00e9ation\ud83c\udfa8"},"content":{"rendered":"\n<p class=\"has-medium-font-size\">D\u00e9couvrez la cr\u00e9ativit\u00e9 et l\u2019expression artistique dans notre atelier <strong>Dessin &amp; Cr\u00e9ation<\/strong> au CJL AIL !<\/p>\n\n\n\n<p class=\"has-medium-font-size\">Les cours sont adapt\u00e9s \u00e0 tous les \u00e2ges, avec un encadrement bienveillant pour accompagner chacun dans son apprentissage et son style personnel.<\/p>\n\n\n\n<h3 class=\"wp-block-heading has-medium-font-size\">\ud83d\uddd3\ufe0f <strong>Horaires<\/strong><\/h3>\n\n\n\n<p class=\"has-medium-font-size\">\ud83d\udccd <em>Salle de peinture \u2013 CJL AIL, Saint-Chamas<\/em><\/p>\n\n\n\n<ul class=\"wp-block-list\">\n<li class=\"has-medium-font-size\"><strong>Enfants (8-14 ans)<\/strong> : mercredi de 10h30 \u00e0 11h30<\/li>\n\n\n\n<li class=\"has-medium-font-size\"><strong>Adultes (+15 ans)<\/strong> : jeudi de 17h00 \u00e0 19h00<\/li>\n<\/ul>\n\n\n\n<p class=\"has-medium-font-size\">Un espace pour lib\u00e9rer votre imagination, apprendre diff\u00e9rentes techniques et partager votre passion pour l\u2019art.<\/p>\n\n\n\n<hr class=\"wp-block-separator has-alpha-channel-opacity\"\/>\n\n\n\n<details class=\"wp-block-details has-medium-font-size is-layout-flow wp-block-details-is-layout-flow\" open><summary>Les derniers articles<\/summary><ul class=\"wp-block-latest-posts__list has-link-color wp-elements-f436b2d42d76b166edbb5eb0045dc8a6 wp-block-latest-posts has-text-color has-black-color\"><li><a class=\"wp-block-latest-posts__post-title\" href=\"https:\/\/cjl-saintchamas.com\/?p=1560\">Dessinez avec Jessica &amp; Yvan<\/a><\/li>\n<li><a class=\"wp-block-latest-posts__post-title\" href=\"https:\/\/cjl-saintchamas.com\/?p=1555\">Nouvelles sections<\/a><\/li>\n<li><a class=\"wp-block-latest-posts__post-title\" href=\"https:\/\/cjl-saintchamas.com\/?p=1466\">Section Dessin &amp; Cr\u00e9ation \ud83c\udfa8<\/a><\/li>\n<\/ul><\/details>\n","protected":false},"excerpt":{"rendered":"<p>D\u00e9couvrez la cr\u00e9ativit\u00e9 et l\u2019expression artistique dans notre atelier Dessin &amp; Cr\u00e9ation au CJL AIL ! Les cours sont adapt\u00e9s &hellip; <a href=\"https:\/\/cjl-saintchamas.com\/?page_id=1509\" class=\"more-link\">Continue reading <span class=\"screen-reader-text\">Dessin &amp; Cr\u00e9ation\ud83c\udfa8<\/span><\/a><\/p>\n","protected":false},"author":1,"featured_media":0,"parent":1177,"menu_order":0,"comment_status":"closed","ping_status":"closed","template":"","meta":{"footnotes":""},"class_list":["post-1509","page","type-page","status-publish","hentry"],"_links":{"self":[{"href":"https:\/\/cjl-saintchamas.com\/index.php?rest_route=\/wp\/v2\/pages\/1509","targetHints":{"allow":["GET"]}}],"collection":[{"href":"https:\/\/cjl-saintchamas.com\/index.php?rest_route=\/wp\/v2\/pages"}],"about":[{"href":"https:\/\/cjl-saintchamas.com\/index.php?rest_route=\/wp\/v2\/types\/page"}],"author":[{"embeddable":true,"href":"https:\/\/cjl-saintchamas.com\/index.php?rest_route=\/wp\/v2\/users\/1"}],"replies":[{"embeddable":true,"href":"https:\/\/cjl-saintchamas.com\/index.php?rest_route=%2Fwp%2Fv2%2Fcomments&post=1509"}],"version-history":[{"count":2,"href":"https:\/\/cjl-saintchamas.com\/index.php?rest_route=\/wp\/v2\/pages\/1509\/revisions"}],"predecessor-version":[{"id":1521,"href":"https:\/\/cjl-saintchamas.com\/index.php?rest_route=\/wp\/v2\/pages\/1509\/revisions\/1521"}],"up":[{"embeddable":true,"href":"https:\/\/cjl-saintchamas.com\/index.php?rest_route=\/wp\/v2\/pages\/1177"}],"wp:attachment":[{"href":"https:\/\/cjl-saintchamas.com\/index.php?rest_route=%2Fwp%2Fv2%2Fmedia&parent=1509"}],"curies":[{"name":"wp","href":"https:\/\/api.w.org\/{rel}","templated":true}]}}